{"id":10,"date":"2022-03-15T11:37:20","date_gmt":"2022-03-15T11:37:20","guid":{"rendered":"https:\/\/patrimoine-paca.com\/?page_id=10"},"modified":"2022-03-16T14:15:25","modified_gmt":"2022-03-16T14:15:25","slug":"casino-en-ligne","status":"publish","type":"page","link":"https:\/\/patrimoine-paca.com\/","title":{"rendered":"Casino en ligne"},"content":{"rendered":"\n<figure class=\"wp-block-image size-full\"><img loading=\"lazy\" decoding=\"async\" width=\"640\" height=\"360\" src=\"http:\/\/patrimoine-paca.com\/wp-content\/uploads\/2022\/03\/casino-en-ligne.jpg\" alt=\"\" class=\"wp-image-13\" srcset=\"https:\/\/patrimoine-paca.com\/wp-content\/uploads\/2022\/03\/casino-en-ligne.jpg 640w, https:\/\/patrimoine-paca.com\/wp-content\/uploads\/2022\/03\/casino-en-ligne-300x169.jpg 300w\" sizes=\"auto, (max-width: 640px) 100vw, 640px\" \/><\/figure>\n\n\n\n<p>Vous voulez jouer sur un casino en ligne, mais vous voudriez auparavant comment le choisir ? Pour le faire, nous vous conseillons de v\u00e9rifier plusieurs points cl\u00e9s. Voici donc les plus importants d\u2019entre eux.<\/p>\n\n\n\n<h2 class=\"wp-block-heading\">La vari\u00e9t\u00e9 des jeux<\/h2>\n\n\n\n<p>Lorsque vous vous rendez sur un <a href=\"https:\/\/www.undernews.fr\/culture-web-emploi\/casinos-en-ligne-tout-ce-quil-faut-savoir-sur-la-securite.html\" data-type=\"URL\" data-id=\"https:\/\/www.undernews.fr\/culture-web-emploi\/casinos-en-ligne-tout-ce-quil-faut-savoir-sur-la-securite.html\">casino en ligne<\/a>, il s\u2019agit tout simplement d\u2019une des premi\u00e8res choses que vous pouvez voir. Il est en effet important que vous disposiez d\u2019un choix de jeu important. Cela concerne bien \u00e9videmment les diff\u00e9rents types de jeu et il est important que vous puissiez jouer aux machines \u00e0 sous, mais aussi aux diff\u00e9rents jeux de table typiques du casino, par exemple la roulette, le blackjack ou le craps. Toutefois, cela concerne aussi les options disponibles sur les jeux propos\u00e9s. Par exemple, pour les jeux de table, de nombreux joueurs appr\u00e9cient les parties avec un croupier en live, qui permettent de retrouver des sensations plus proches de celles qu\u2019on ressent dans un casino physique.<\/p>\n\n\n\n<h2 class=\"wp-block-heading\">La s\u00e9curit\u00e9 du site<\/h2>\n\n\n\n<p>Lorsque vous choisissez un casino en ligne, vous devez \u00e9galement vous assurer qu\u2019il soit parfaitement s\u00e9curis\u00e9. Pour que ce soit bien le cas, il existe plusieurs solutions. Toutefois, si vous r\u00e9sidez dans un pays dans lequel les casinos en ligne sont l\u00e9gaux, vous pouvez g\u00e9n\u00e9ralement consulter la liste des \u00e9tablissements en ligne que votre pays consid\u00e8re comme fiable. Par exemple, si vous r\u00e9sidez en Belgique, c\u2019est une fonction qui est remplie par la Commission des Jeux de Hasard. En outre, il est important de vous assurer que le casino en ligne que vous choisissez dispose bien d\u2019un service client disponible et r\u00e9actif. Cela vous permettra d\u2019avoir une solution en cas de probl\u00e8me.<\/p>\n\n\n\n<h2 class=\"wp-block-heading\">Les options de retrait et de d\u00e9p\u00f4t<\/h2>\n\n\n\n<p>Comme vous jouez sur un casino en ligne avec votre propre argent, et que vous pouvez \u00e9galement encaisser vos gains, vous devez aussi v\u00e9rifier les diff\u00e9rentes options de retrait et de d\u00e9p\u00f4t que vous propose chaque casino en ligne. Ces moyens de paiement doivent \u00e0 la fois \u00eatre s\u00e9curis\u00e9s et rapides. En effet, vous devez pouvoir vous assurer que les transferts d\u2019argent se fassent en parfaite s\u00e9curit\u00e9 et transparence, mais aussi de pouvoir rapidement d\u00e9poser de l\u2019argent sur votre compte de joueur. Cela vous permettra de pouvoir jouer aussit\u00f4t que vous effectuez un d\u00e9p\u00f4t. Pour vous en assurer, vous devriez choisir un site qui propose de nombreuses options vari\u00e9es pour vos d\u00e9p\u00f4ts, par exemple la carte bancaire, mais aussi les comptes bancaires sur internet, tels que PayPal, ou les cartes pr\u00e9pay\u00e9es. Veuillez \u00e9galement noter que les options de retrait sont g\u00e9n\u00e9ralement plus restreintes et de nombreux sites ne proposent que des retraits par virement bancaire.<\/p>\n\n\n\n<h2 class=\"wp-block-heading\">Le fournisseur de logiciel<\/h2>\n\n\n\n<p>Il s\u2019agit du logiciel qui permet de g\u00e9rer les animations d\u2019un casino en ligne. Il en existe un grand nombre et certains d\u2019entre eux sont particuli\u00e8rement reconnus. C\u2019est par exemple le cas de Microgaming, Playtech, Evolution Gaming ou NetEnt. Pour un casino en ligne, utiliser un logiciel de qualit\u00e9 est souvent gage de qualit\u00e9 et de s\u00e9rieux. En outre, cela vous permettra d\u2019y passer un moment bien plus agr\u00e9able, notamment parce que vous pourrez profiter d\u2019une plus grande fluidit\u00e9, de meilleurs effets sonores et de graphismes plus soign\u00e9s.<\/p>\n\n\n\n<h2 class=\"wp-block-heading\">Les promotions sp\u00e9ciales et les offres de bienvenue<\/h2>\n\n\n\n<p>Les casinos en ligne parviennent \u00e9galement \u00e0 se d\u00e9marquer gr\u00e2ce aux diff\u00e9rentes offres sp\u00e9ciales qu\u2019ils proposent. Bien souvent, vous pouvez profiter d\u2019une d\u2019entre elles lorsque vous cr\u00e9ez votre compte. Il s\u2019agit bien souvent d\u2019argent et de tours de jeux offerts. Avant toute chose vous devez v\u00e9rifier les conditions de ces bonus. Certains d\u2019entre eux peuvent par exemple \u00eatre disponibles avec ou sans d\u00e9p\u00f4t. En outre, certaines conditions peuvent s\u2019appliquer sur ce bonus. Par exemple, vous pourriez ne pouvoir le jouer que sur certains jeux sp\u00e9cifiques. De plus, pour pouvoir retirer votre bonus, vous devez aussi faire un certain montant de mise. Vous devriez donc v\u00e9rifier que cette somme ne soit pas trop \u00e9lev\u00e9e, ce qui vous permettra d\u2019esp\u00e9rer pouvoir convertir votre bonus en argent r\u00e9el. Enfin, certains casinos en ligne proposent un programme de fid\u00e9lit\u00e9 qui peut \u00eatre int\u00e9ressant et qui r\u00e9compense vos performances ou votre r\u00e9gularit\u00e9 sur ce site. Ces derniers vous permettent g\u00e9n\u00e9ralement de profiter d\u2019un cashback, et donc de r\u00e9cup\u00e9rer une partie de l\u2019argent que vous avez mis\u00e9.<\/p>\n","protected":false},"excerpt":{"rendered":"<p>Vous voulez jouer sur un casino en ligne, mais vous voudriez auparavant comment le choisir ? Pour le faire, nous vous conseillons de v\u00e9rifier plusieurs points cl\u00e9s. Voici donc les plus importants d\u2019entre eux. La vari\u00e9t\u00e9 des jeux Lorsque vous vous rendez sur un casino en ligne, il s\u2019agit tout simplement d\u2019une des premi\u00e8res choses<a class=\"more-link\" href=\"https:\/\/patrimoine-paca.com\/\">Continue reading <span class=\"screen-reader-text\">&#8220;Casino en ligne&#8221;<\/span><\/a><\/p>\n","protected":false},"author":1,"featured_media":0,"parent":0,"menu_order":0,"comment_status":"closed","ping_status":"closed","template":"","meta":{"footnotes":""},"class_list":["post-10","page","type-page","status-publish","hentry","entry"],"_links":{"self":[{"href":"https:\/\/patrimoine-paca.com\/index.php\/wp-json\/wp\/v2\/pages\/10","targetHints":{"allow":["GET"]}}],"collection":[{"href":"https:\/\/patrimoine-paca.com\/index.php\/wp-json\/wp\/v2\/pages"}],"about":[{"href":"https:\/\/patrimoine-paca.com\/index.php\/wp-json\/wp\/v2\/types\/page"}],"author":[{"embeddable":true,"href":"https:\/\/patrimoine-paca.com\/index.php\/wp-json\/wp\/v2\/users\/1"}],"replies":[{"embeddable":true,"href":"https:\/\/patrimoine-paca.com\/index.php\/wp-json\/wp\/v2\/comments?post=10"}],"version-history":[{"count":3,"href":"https:\/\/patrimoine-paca.com\/index.php\/wp-json\/wp\/v2\/pages\/10\/revisions"}],"predecessor-version":[{"id":16,"href":"https:\/\/patrimoine-paca.com\/index.php\/wp-json\/wp\/v2\/pages\/10\/revisions\/16"}],"wp:attachment":[{"href":"https:\/\/patrimoine-paca.com\/index.php\/wp-json\/wp\/v2\/media?parent=10"}],"curies":[{"name":"wp","href":"https:\/\/api.w.org\/{rel}","templated":true}]}}